{"id":1745,"date":"2015-04-23T20:48:48","date_gmt":"2015-04-23T20:48:48","guid":{"rendered":"http:\/\/apartmani-rosa.com\/wp\/?page_id=1745"},"modified":"2015-05-01T16:07:06","modified_gmt":"2015-05-01T16:07:06","slug":"murter-3","status":"publish","type":"page","link":"http:\/\/apartmani-rosa.com\/wp\/murter-3","title":{"rendered":"Murter"},"content":{"rendered":"<p>[et_pb_section][et_pb_row][et_pb_column type=&#8221;4_4&#8243;][et_pb_text admin_label=&#8221;Text&#8221; background_layout=&#8221;light&#8221; text_orientation=&#8221;left&#8221;]<\/p>\n<h1 class=\"componentheading\">Murter<\/h1>\n<p>&nbsp;<\/p>\n<p>[\/et_pb_text][et_pb_text admin_label=&#8221;Text&#8221; background_layout=&#8221;light&#8221; text_orientation=&#8221;left&#8221;]<\/p>\n<table class=\"blog\" cellspacing=\"0\" cellpadding=\"0\">\n<tbody>\n<tr>\n<td valign=\"top\">\n<div class=\"contentpaneopen\">\n<div class=\"article-tools clearfix\" style=\"background: url('http:\/\/www.apartmani-rosa.com\/templates\/ja_corona\/images\/dot.gif') repeat-x 50% 0%; overflow: hidden; font-size: 11px; margin-bottom: 15px; display: block; white-space: nowrap;\">\n<div class=\"article-meta\"><a id=\"href_1961614848\" class=\"highslide\" href=\"http:\/\/www.apartmani-rosa.com\/images\/stories\/otok_murter.jpg\"><img decoding=\"async\" src=\"http:\/\/www.apartmani-rosa.com\/images\/stories\/otok_murter.jpg\" alt=\"otok_murter.jpg\" width=\"200\" \/><\/a><\/div>\n<\/div>\n<div class=\"article-content\">\n<p>If you are situated in the town of Murter, you have the unique opportunity to learn about its natural values. It can be said with certainty that Murter is an exquisite tourist destination. There is no such center of a county on the Mediterranean coast which combines so many different cultural \u00a0features. Murter is the biggest village on the island of the same name, with the highest number of islands (over 170), with a great number of sand beaches on its coasts (\u010cigra\u0111a, Slanica, Podvr\u0161ke&#8230;) and a great number of interesting destinations nearby (national parks: Kornati, Paklenica and Krka; parks of nature Tela\u0161\u010dica and Vransko lake; towns: Zadar, \u0160ibenik and Split).<br \/>\nVisit us and see with your own eyes!<\/p>\n<\/div>\n<\/div>\n<p><span class=\"article_separator\">\u00a0<\/span><\/td>\n<\/tr>\n<tr>\n<td valign=\"top\">\n<table width=\"100%\" cellspacing=\"0\" cellpadding=\"0\">\n<tbody>\n<tr>\n<td class=\"article_column\" valign=\"top\" width=\"100%\">\n<div class=\"contentpaneopen\">\n<div class=\"article-tools clearfix\" style=\"background: url('http:\/\/www.apartmani-rosa.com\/templates\/ja_corona\/images\/dot.gif') repeat-x 50% 0%; overflow: hidden; font-size: 11px; margin-bottom: 15px; display: block; white-space: nowrap;\">\n<div class=\"article-meta\"><a id=\"href_1530929644\" class=\"highslide\" href=\"http:\/\/www.apartmani-rosa.com\/images\/stories\/12.jpg\"><img decoding=\"async\" src=\"http:\/\/www.apartmani-rosa.com\/images\/stories\/12.jpg\" alt=\"12.jpg\" width=\"100\" \/><\/a><\/div>\n<\/div>\n<div class=\"article-content\">\n<div align=\"left\">\n<p>Thanks to its position, its history, its great aquatorium, the island of Murter is one of the most special Croatian islands. Even though the island of Murter is connected to the land by a bridge, because of its estates and farms, by its organization it is an island above all islands. The island is divided in two counties: the bigger one is called<span class=\"Apple-converted-space\">\u00a0<\/span><a href=\"http:\/\/www.murter.hr\/\" rel=\"lightbox;width=1024;height=768\">Murter<\/a>, and the smaller<span class=\"Apple-converted-space\">\u00a0<\/span><a href=\"http:\/\/www.tisno.hr\/\" rel=\"lightbox;width=1024;height=768\">Tisno<\/a>. Although\u00a0 inhabitants of Murter wanted their own county since the 19th century (since foundation of the Tisno county), their wish didn&#8217;t came true until 1999. Since the borders of the district mainly correspond with the borders of land-registry, the islands of<span class=\"Apple-converted-space\">\u00a0<\/span><a href=\"http:\/\/www.kornati.hr\/\" rel=\"lightbox;width=1024;height=768\">Kornati<\/a>are also belonging to the county of Murter. That is why the county of<span class=\"Apple-converted-space\">\u00a0<\/span><a href=\"http:\/\/www.murter.hr\/\" rel=\"lightbox;width=1024;height=768\">Murter<\/a><span class=\"Apple-converted-space\">\u00a0<\/span>is one of the biggest island county in the Mediterranean, the county with more than 160 islands and with a coast line longer than 400km.<\/p>\n<\/div>\n<div><a id=\"href_407471526\" class=\"highslide\" href=\"http:\/\/www.apartmani-rosa.com\/images\/stories\/1.jpg\"><img decoding=\"async\" src=\"http:\/\/www.apartmani-rosa.com\/images\/stories\/1.jpg\" alt=\"1.jpg\" width=\"100\" \/><\/a><\/div>\n<p>On the peninsula of Gradina there are ruins of\u00a0 one of the largest castles on the soil of the southern Liburnia, and on its foot there are ruins of ancient town Colentum. Colentum is also the oldest name of the island. It was mentioned by Ptholomeus and Plinius in the 1st century and also by the cosmographist from Ravenna in the 7th century. Porfirogenet in the 10th century doesn&#8217;t mention Colentum, which means \u2013 considering the emperors knowledge of the coast and the islands \u2013 that it should have existed by then. It is difficult to say with certainty when have Croatians set their foot on the island. It happened very early, according to findings of cultural materials and linguistic remnants in the toponyms, but the first written record of a name is from 1285 \u201eParish of Srimac has in 1298 has villages: Veliko selo (Villa magna) and Jezera on Murter, and \u017dirje and Zlarin&#8221; \u2013 claims don Krsto Sto\u0161i\u0107.<\/p>\n<div><a id=\"href_628127159\" class=\"highslide\" href=\"http:\/\/www.apartmani-rosa.com\/images\/stories\/otok_murter.jpg\"><img decoding=\"async\" src=\"http:\/\/www.apartmani-rosa.com\/images\/stories\/otok_murter.jpg\" alt=\"otok_murter.jpg\" width=\"100\" \/><\/a><\/div>\n<p>Croatians built a new settlement called Srimac in the spirit of their understanding and using island area, further from the sea, near the brow of a rich field and on the foot of the mountains Vr\u0161ina and Raduc, from which the situations and threats from the sea could have been controlled. At the same tame(1318) on the first nautical charts the name Mortar is mentioned for the first time, later formed in the spirit of local dialect into today&#8217;s Murter. Both names were coexisting in the use for centuries, until today&#8217;s linguistic form finally prevailed.Due to a great proximity of the land, the island was so populated during the Turkish raid of the outback that it couldn&#8217;t feed its population. That is why at the beginning of the 17th century the population of Murter (Murterini) were colonated by the renters of the pastures on the islands of Kornati, and they stayed that way until their repurchase in the second half of the 19th century. Since then they are the owners of Murter. Until 1952 the archipelago was in the administrative and catastar county Sala, and since then in the Tisno county, followed by \u0160ibenik , then again Tisno and finally, since 1999 in the Murter countyNeither past nor present of the island of Murter cannot be understood without knowing the situation on Kornati: first and foremost, great land of Kornati has stopped emigration at the time when most Croatian islands, because of the deterioration of grape growing, have literally become deserted. The second fact is urbanization of Murter. After buying Kornati, Murter is expanding towards the sea and the Hramina bay, which becomes the terminal of Kornati. In today\u2019s language \u2013 the first real Mediterranean marine in the 19th century.<\/p>\n<div><a id=\"href_1718412236\" class=\"highslide\" href=\"http:\/\/www.apartmani-rosa.com\/images\/stories\/sunny-beach.jpg\"><img decoding=\"async\" src=\"http:\/\/www.apartmani-rosa.com\/images\/stories\/sunny-beach.jpg\" alt=\"sunny-beach.jpg\" width=\"100\" \/><\/a><\/div>\n<p>SAccording to the fact that the oversea land could be reached only by sea, the then farmers had to become mariners, fishermen and masons. Nevertheless, they stayed exquisite workers with great olive-groves on hundreds of islands. Because of that, in 1911 the then largest factory for oil processing on the Mediterranean was built by combined efforts of local inhabitants.<\/p>\n<div><a id=\"href_873973721\" class=\"highslide\" href=\"http:\/\/www.apartmani-rosa.com\/images\/stories\/857.jpg\"><img decoding=\"async\" src=\"http:\/\/www.apartmani-rosa.com\/images\/stories\/857.jpg\" alt=\"857.jpg\" width=\"100\" \/><\/a><\/div>\n<p>Although Murter is a village, during its existence it has preserved high standards of cultural, folk and spiritual expression. Firstly they established early a Public school (1845), then they formed one of the first Croatian libraries\u00a0 in Dalmatia (1866), established a church choir (1900) and an amateur drama group (1922). Special characteristic is friendliness and sincerity of local people, their love towards singing and drama expression.<\/p>\n<div><a id=\"href_1815264811\" class=\"highslide\" href=\"http:\/\/www.apartmani-rosa.com\/images\/stories\/underwater.jpg\"><img decoding=\"async\" src=\"http:\/\/www.apartmani-rosa.com\/images\/stories\/underwater.jpg\" alt=\"underwater.jpg\" width=\"100\" \/><\/a><\/div>\n<p>Vast and colorful aquatorium, skills and crafts, folk and spiritual form of expression, have prepared the County of Murter for activity which combines tradition and modernity, individually and globally, old and new, natural and human \u2013 for tourism.<\/p>\n<\/div>\n<\/div>\n<\/td>\n<\/tr>\n<\/tbody>\n<\/table>\n<\/td>\n<\/tr>\n<\/tbody>\n<\/table>\n<p>[\/et_pb_text][\/et_pb_column][\/et_pb_row][\/et_pb_section]<\/p>\n","protected":false},"excerpt":{"rendered":"<p>[et_pb_section][et_pb_row][et_pb_column type=&#8221;4_4&#8243;][et_pb_text admin_label=&#8221;Text&#8221; background_layout=&#8221;light&#8221; text_orientation=&#8221;left&#8221;] Murter &nbsp; [\/et_pb_text][et_pb_text admin_label=&#8221;Text&#8221; background_layout=&#8221;light&#8221; text_orientation=&#8221;left&#8221;] If you are situated in the town of Murter, you have the unique opportunity to learn about its natural values. It can be said with certainty that Murter is an exquisite tourist destination. There is no such center of a county on the Mediterranean [&hellip;]<\/p>\n","protected":false},"author":1,"featured_media":0,"parent":0,"menu_order":0,"comment_status":"open","ping_status":"open","template":"","meta":{"_et_pb_use_builder":"on","_et_pb_old_content":"","_et_gb_content_width":"","ngg_post_thumbnail":0,"footnotes":""},"class_list":["post-1745","page","type-page","status-publish","hentry"],"aioseo_notices":[],"_links":{"self":[{"href":"http:\/\/apartmani-rosa.com\/wp\/wp-json\/wp\/v2\/pages\/1745","targetHints":{"allow":["GET"]}}],"collection":[{"href":"http:\/\/apartmani-rosa.com\/wp\/wp-json\/wp\/v2\/pages"}],"about":[{"href":"http:\/\/apartmani-rosa.com\/wp\/wp-json\/wp\/v2\/types\/page"}],"author":[{"embeddable":true,"href":"http:\/\/apartmani-rosa.com\/wp\/wp-json\/wp\/v2\/users\/1"}],"replies":[{"embeddable":true,"href":"http:\/\/apartmani-rosa.com\/wp\/wp-json\/wp\/v2\/comments?post=1745"}],"version-history":[{"count":5,"href":"http:\/\/apartmani-rosa.com\/wp\/wp-json\/wp\/v2\/pages\/1745\/revisions"}],"predecessor-version":[{"id":2457,"href":"http:\/\/apartmani-rosa.com\/wp\/wp-json\/wp\/v2\/pages\/1745\/revisions\/2457"}],"wp:attachment":[{"href":"http:\/\/apartmani-rosa.com\/wp\/wp-json\/wp\/v2\/media?parent=1745"}],"curies":[{"name":"wp","href":"https:\/\/api.w.org\/{rel}","templated":true}]}}